{"id":161,"date":"2021-04-30T09:19:58","date_gmt":"2021-04-30T09:19:58","guid":{"rendered":"http:\/\/www.industrialcm.ro\/?page_id=161"},"modified":"2022-02-08T12:15:06","modified_gmt":"2022-02-08T12:15:06","slug":"reparatii-si-reabilitari","status":"publish","type":"page","link":"https:\/\/www.industrialcm.ro\/?page_id=161","title":{"rendered":"REPARATII SI REABILITARI"},"content":{"rendered":"<div class=\"boldgrid-section color2-background-color color-2-text-contrast bg-background-color\">\n<div class=\"container-fluid\">\n<div class=\"row\" style=\"padding: 10px 0em 10px 2em; margin-right: 0px; margin-left: 0px;\">\n<div class=\"col-md-12 col-xs-12 col-sm-12\" style=\"padding-left: 0em; padding-right: 0em;\">\n<h2 class=\"bg-text-fx bg-text-fx-inset-text\" style=\"margin-top: 0px; margin-bottom: 0px; color: #ffffff; text-align: left; font-size: 30px; line-height: 1em;\">REPARA\u021aII, REABILIT\u0102RI &amp; MODERNIZ\u0102RI<\/h2>\n<\/div>\n<\/div>\n<\/div>\n<\/div>\n<div class=\"boldgrid-section\">\n<div class=\"container\">\n<div class=\"row\" style=\"padding-top: 0px;\"><\/div>\n<\/div>\n<\/div>\n<div class=\"boldgrid-section\">\n<div class=\"container\">\n<div class=\"row\"><\/div>\n<div class=\"row\" style=\"padding-top: 0px; padding-bottom: 0px;\">\n<div class=\"col-md-12 col-xs-12 col-sm-12\">\n<p class=\"\"><span style=\"font-weight: 400;\">Av\u00e2nd personal calificat ICM poate realiza lucrari de revizie, repara\u021bie \u0219i reabilitare on-site sau la propriul atelier pentru echipamente precum turbine pe abur, compresoare, pompe, hidro \u0219i turbrogeneratoare, motoare electrice de joas\u0103 \u0219i medie tensiune.&nbsp;<\/span><\/p>\n<p class=\"\">Mai jos cateva exemple reprezentative:<\/p>\n<p class=\"\"><span style=\"font-weight: 400;\">&#8211; repaletare rotoare turbin\u0103<\/span><\/p>\n<p class=\"\"><span style=\"font-weight: 400;\">&#8211; reabilitare ventile reglaj<\/span><\/p>\n<p class=\"\"><span style=\"font-weight: 400;\">&#8211; reabilitare circuite ungere cu ulei<\/span><\/p>\n<\/div>\n<\/div>\n<div class=\"row\" style=\"padding-top: 0px; padding-bottom: 10px;\">\n<div class=\"col-md-4 col-sm-4 col-xs-12\">\n<p class=\"\"><img loading=\"lazy\" decoding=\"async\" class=\"alignleft wp-image-640 size-full\" style=\"width: 100%;\" src=\"http:\/\/www.industrialcm.ro\/wp-content\/uploads\/2021\/10\/2.2-2.jpg\" alt=\"\" width=\"300\" height=\"169\" srcset=\"https:\/\/www.industrialcm.ro\/wp-content\/uploads\/2021\/10\/2.2-2.jpg 300w, https:\/\/www.industrialcm.ro\/wp-content\/uploads\/2021\/10\/2.2-2-250x141.jpg 250w\" sizes=\"auto, (max-width: 300px) 100vw, 300px\" \/><\/p>\n<p class=\"\" style=\"text-align: center;\"><strong>reabilit\u0103ri carcase turbin\u0103.<\/strong><\/p>\n<\/div>\n<div class=\"col-md-4 col-sm-4 col-xs-12\">\n<p class=\"\" style=\"text-align: center;\"><img loading=\"lazy\" decoding=\"async\" class=\"alignleft wp-image-531 size-full\" style=\"width: 100%;\" src=\"http:\/\/www.industrialcm.ro\/wp-content\/uploads\/2021\/10\/2.5.jpg\" alt=\"\" width=\"300\" height=\"169\" srcset=\"https:\/\/www.industrialcm.ro\/wp-content\/uploads\/2021\/10\/2.5.jpg 300w, https:\/\/www.industrialcm.ro\/wp-content\/uploads\/2021\/10\/2.5-250x141.jpg 250w\" sizes=\"auto, (max-width: 300px) 100vw, 300px\" \/><\/p>\n<p class=\"\" style=\"text-align: center;\"><strong>&nbsp;\u00eenlocuire labirin\u021bi rotoare turbin\u0103 pe abur.<\/strong><\/p>\n<\/div>\n<div class=\"col-md-4 col-sm-4 col-xs-12\">\n<p class=\"\" style=\"text-align: center;\"><img loading=\"lazy\" decoding=\"async\" class=\"alignleft wp-image-532 size-full\" style=\"width: 100%;\" src=\"http:\/\/www.industrialcm.ro\/wp-content\/uploads\/2021\/10\/2.1-1.jpg\" alt=\"\" width=\"300\" height=\"169\" srcset=\"https:\/\/www.industrialcm.ro\/wp-content\/uploads\/2021\/10\/2.1-1.jpg 300w, https:\/\/www.industrialcm.ro\/wp-content\/uploads\/2021\/10\/2.1-1-250x141.jpg 250w\" sizes=\"auto, (max-width: 300px) 100vw, 300px\" \/><\/p>\n<p class=\"\" style=\"text-align: center;\"><strong>re\u00eemp\u0103n\u0103ri statoare turbo \u0219i hidro.<\/strong><\/p>\n<\/div>\n<\/div>\n<div class=\"row\" style=\"padding-top: 0px; padding-bottom: 10px;\">\n<div class=\"col-md-4 col-sm-4 col-xs-12\">\n<p class=\"\"><img loading=\"lazy\" decoding=\"async\" class=\"alignleft wp-image-533 size-full\" style=\"width: 100%;\" src=\"http:\/\/www.industrialcm.ro\/wp-content\/uploads\/2021\/10\/2.8.jpg\" alt=\"\" width=\"300\" height=\"169\" srcset=\"https:\/\/www.industrialcm.ro\/wp-content\/uploads\/2021\/10\/2.8.jpg 300w, https:\/\/www.industrialcm.ro\/wp-content\/uploads\/2021\/10\/2.8-250x141.jpg 250w\" sizes=\"auto, (max-width: 300px) 100vw, 300px\" \/><\/p>\n<p class=\"\" style=\"text-align: center;\"><strong>rebobin\u0103ri de statoare de medie \u0219i joas\u0103 tensiune.<\/strong><\/p>\n<\/div>\n<div class=\"col-md-4 col-sm-4 col-xs-12\">\n<p class=\"\" style=\"text-align: center;\"><img loading=\"lazy\" decoding=\"async\" class=\"alignleft wp-image-534 size-full\" style=\"width: 100%;\" src=\"http:\/\/www.industrialcm.ro\/wp-content\/uploads\/2021\/10\/2.4.jpg\" alt=\"\" width=\"300\" height=\"169\" srcset=\"https:\/\/www.industrialcm.ro\/wp-content\/uploads\/2021\/10\/2.4.jpg 300w, https:\/\/www.industrialcm.ro\/wp-content\/uploads\/2021\/10\/2.4-250x141.jpg 250w\" sizes=\"auto, (max-width: 300px) 100vw, 300px\" \/><\/p>\n<p class=\"\" style=\"text-align: center;\"><strong> reconditionare consolidari bobinaje, acoperiri anticorona.<\/strong><\/p>\n<\/div>\n<div class=\"col-md-4 col-sm-4 col-xs-12\">\n<p class=\"\" style=\"text-align: center;\"><img loading=\"lazy\" decoding=\"async\" class=\"alignleft wp-image-535 size-full\" style=\"width: 100%;\" src=\"http:\/\/www.industrialcm.ro\/wp-content\/uploads\/2021\/10\/2.7.jpg\" alt=\"\" width=\"300\" height=\"169\" srcset=\"https:\/\/www.industrialcm.ro\/wp-content\/uploads\/2021\/10\/2.7.jpg 300w, https:\/\/www.industrialcm.ro\/wp-content\/uploads\/2021\/10\/2.7-250x141.jpg 250w\" sizes=\"auto, (max-width: 300px) 100vw, 300px\" \/><\/p>\n<p class=\"\" style=\"text-align: center;\"><strong>refacere etansari generatoare racite cu hidrogen.<\/strong><\/p>\n<\/div>\n<\/div>\n<div class=\"row\" style=\"padding-top: 0px; padding-bottom: 10px;\">\n<div class=\"col-md-4 col-sm-4 col-xs-12\">\n<p class=\"\"><img loading=\"lazy\" decoding=\"async\" class=\"alignleft wp-image-597 size-full\" style=\"width: 100%;\" src=\"http:\/\/www.industrialcm.ro\/wp-content\/uploads\/2021\/10\/2.3.jpg\" alt=\"\" width=\"300\" height=\"169\" srcset=\"https:\/\/www.industrialcm.ro\/wp-content\/uploads\/2021\/10\/2.3.jpg 300w, https:\/\/www.industrialcm.ro\/wp-content\/uploads\/2021\/10\/2.3-250x141.jpg 250w\" sizes=\"auto, (max-width: 300px) 100vw, 300px\" \/><\/p>\n<p class=\"\" style=\"text-align: center;\"><strong> echilibrari dinamice rotoare.<\/strong><\/p>\n<\/div>\n<div class=\"col-md-4 col-sm-4 col-xs-12\">\n<p class=\"\" style=\"text-align: center;\"><img loading=\"lazy\" decoding=\"async\" class=\"alignleft wp-image-598 size-full\" style=\"width: 100%;\" src=\"http:\/\/www.industrialcm.ro\/wp-content\/uploads\/2021\/10\/2.9.jpeg\" alt=\"\" width=\"300\" height=\"169\" srcset=\"https:\/\/www.industrialcm.ro\/wp-content\/uploads\/2021\/10\/2.9.jpeg 300w, https:\/\/www.industrialcm.ro\/wp-content\/uploads\/2021\/10\/2.9-250x141.jpeg 250w\" sizes=\"auto, (max-width: 300px) 100vw, 300px\" \/><\/p>\n<p class=\"\" style=\"text-align: center;\">&nbsp;<\/p>\n<\/div>\n<div class=\"col-md-4 col-sm-4 col-xs-12\">\n<p class=\"\" style=\"text-align: center;\"><img loading=\"lazy\" decoding=\"async\" class=\"alignleft wp-image-599 size-full\" style=\"width: 100%;\" src=\"http:\/\/www.industrialcm.ro\/wp-content\/uploads\/2021\/10\/2.10.jpeg\" alt=\"\" width=\"300\" height=\"169\" srcset=\"https:\/\/www.industrialcm.ro\/wp-content\/uploads\/2021\/10\/2.10.jpeg 300w, https:\/\/www.industrialcm.ro\/wp-content\/uploads\/2021\/10\/2.10-250x141.jpeg 250w\" sizes=\"auto, (max-width: 300px) 100vw, 300px\" \/><\/p>\n<p class=\"\" style=\"text-align: center;\">&nbsp;<\/p>\n<\/div>\n<\/div>\n<div class=\"row\" style=\"padding-top: 0px; padding-bottom: 10px;\">\n<div class=\"col-md-4 col-sm-4 col-xs-12\">\n<p class=\"\"><img loading=\"lazy\" decoding=\"async\" class=\"alignleft wp-image-600 size-medium\" style=\"width: 100%;\" src=\"http:\/\/www.industrialcm.ro\/wp-content\/uploads\/2021\/10\/0_177_300_169_2.6.jpg\" alt=\"\" width=\"300\" height=\"169\"><\/p>\n<\/div>\n<div class=\"col-md-4 col-sm-4 col-xs-12\">\n<p class=\"\" style=\"text-align: center;\"><img loading=\"lazy\" decoding=\"async\" class=\"alignleft wp-image-601 size-full\" style=\"width: 100%;\" src=\"http:\/\/www.industrialcm.ro\/wp-content\/uploads\/2021\/10\/2.jpg\" alt=\"\" width=\"300\" height=\"169\" srcset=\"https:\/\/www.industrialcm.ro\/wp-content\/uploads\/2021\/10\/2.jpg 300w, https:\/\/www.industrialcm.ro\/wp-content\/uploads\/2021\/10\/2-250x141.jpg 250w\" sizes=\"auto, (max-width: 300px) 100vw, 300px\" \/><\/p>\n<p class=\"\" style=\"text-align: center;\">&nbsp;<\/p>\n<\/div>\n<\/div>\n<\/div>\n<\/div>\n","protected":false},"excerpt":{"rendered":"<p>REPARA\u021aII, REABILIT\u0102RI &amp; MODERNIZ\u0102RI Av\u00e2nd personal calificat ICM poate realiza lucrari de revizie, repara\u021bie \u0219i reabilitare on-site sau la propriul atelier pentru echipamente precum turbine pe abur, compresoare, pompe, hidro \u0219i turbrogeneratoare, motoare electrice de joas\u0103 \u0219i medie tensiune.&nbsp; Mai jos cateva exemple reprezentative: &#8211; repaletare rotoare turbin\u0103 &#8211; reabilitare ventile reglaj &#8211; reabilitare circuite&hellip;&nbsp;<a href=\"https:\/\/www.industrialcm.ro\/?page_id=161\" class=\"\" rel=\"bookmark\">Read More &raquo;<span class=\"screen-reader-text\">REPARATII SI REABILITARI<\/span><\/a><\/p>\n","protected":false},"author":1,"featured_media":0,"parent":0,"menu_order":0,"comment_status":"closed","ping_status":"closed","template":"template\/page\/fullwidth.php","meta":{"bgseo_title":"","bgseo_description":"","bgseo_robots_index":"index","bgseo_robots_follow":"follow","neve_meta_sidebar":"full-width","neve_meta_container":"","neve_meta_enable_content_width":"on","neve_meta_content_width":100,"neve_meta_title_alignment":"","neve_meta_author_avatar":"","neve_post_elements_order":"","neve_meta_disable_header":"","neve_meta_disable_footer":"","neve_meta_disable_title":"","_ti_tpc_template_sync":false,"_ti_tpc_template_id":"","footnotes":""},"class_list":["post-161","page","type-page","status-publish","hentry"],"_links":{"self":[{"href":"https:\/\/www.industrialcm.ro\/index.php?rest_route=\/wp\/v2\/pages\/161","targetHints":{"allow":["GET"]}}],"collection":[{"href":"https:\/\/www.industrialcm.ro\/index.php?rest_route=\/wp\/v2\/pages"}],"about":[{"href":"https:\/\/www.industrialcm.ro\/index.php?rest_route=\/wp\/v2\/types\/page"}],"author":[{"embeddable":true,"href":"https:\/\/www.industrialcm.ro\/index.php?rest_route=\/wp\/v2\/users\/1"}],"replies":[{"embeddable":true,"href":"https:\/\/www.industrialcm.ro\/index.php?rest_route=%2Fwp%2Fv2%2Fcomments&post=161"}],"version-history":[{"count":10,"href":"https:\/\/www.industrialcm.ro\/index.php?rest_route=\/wp\/v2\/pages\/161\/revisions"}],"predecessor-version":[{"id":659,"href":"https:\/\/www.industrialcm.ro\/index.php?rest_route=\/wp\/v2\/pages\/161\/revisions\/659"}],"wp:attachment":[{"href":"https:\/\/www.industrialcm.ro\/index.php?rest_route=%2Fwp%2Fv2%2Fmedia&parent=161"}],"curies":[{"name":"wp","href":"https:\/\/api.w.org\/{rel}","templated":true}]}}