{"id":18,"date":"2021-04-27T11:06:34","date_gmt":"2021-04-27T11:06:34","guid":{"rendered":"http:\/\/www.industrialcm.ro\/?page_id=18"},"modified":"2021-10-21T10:38:40","modified_gmt":"2021-10-21T10:38:40","slug":"servicii","status":"publish","type":"page","link":"https:\/\/www.industrialcm.ro\/?page_id=18","title":{"rendered":"Servicii"},"content":{"rendered":"<div class=\"boldgrid-section color2-background-color color-2-text-contrast bg-background-color\">\n<div class=\"container-fluid\">\n<div class=\"row\" style=\"padding: 10px 0em 10px 2em; margin-right: 0px; margin-left: 0px;\">\n<div class=\"col-md-12 col-xs-12 col-sm-12\" style=\"padding-left: 0em; padding-right: 0em;\">\n<h2 class=\"bg-text-fx bg-text-fx-inset-text\" style=\"margin-top: 0px; margin-bottom: 0px; color: #ffffff; font-size: 30px; line-height: 1em; text-align: left;\"><strong>SERVICII<\/strong><\/h2>\n<\/div>\n<\/div>\n<\/div>\n<\/div>\n<div class=\"boldgrid-section\">\n<div class=\"container\">\n<div class=\"row\" style=\"padding-top: 0px; padding-bottom: 50px;\">\n<div class=\"col-md-11 col-sm-12 col-xs-12 align-column-center color4-background-color color-4-text-contrast bg-background-color\" style=\"padding-top: 1em;\">\n<p class=\"mod-reset\"><img loading=\"lazy\" decoding=\"async\" class=\"alignleft wp-image-628 size-full\" src=\"http:\/\/www.industrialcm.ro\/wp-content\/uploads\/2021\/10\/U2-1.jpg\" alt=\"\" width=\"1024\" height=\"315\" srcset=\"https:\/\/www.industrialcm.ro\/wp-content\/uploads\/2021\/10\/U2-1.jpg 1024w, https:\/\/www.industrialcm.ro\/wp-content\/uploads\/2021\/10\/U2-1-300x92.jpg 300w, https:\/\/www.industrialcm.ro\/wp-content\/uploads\/2021\/10\/U2-1-768x236.jpg 768w, https:\/\/www.industrialcm.ro\/wp-content\/uploads\/2021\/10\/U2-1-250x77.jpg 250w, https:\/\/www.industrialcm.ro\/wp-content\/uploads\/2021\/10\/U2-1-550x169.jpg 550w, https:\/\/www.industrialcm.ro\/wp-content\/uploads\/2021\/10\/U2-1-800x246.jpg 800w, https:\/\/www.industrialcm.ro\/wp-content\/uploads\/2021\/10\/U2-1-585x180.jpg 585w, https:\/\/www.industrialcm.ro\/wp-content\/uploads\/2021\/10\/U2-1-975x300.jpg 975w\" sizes=\"auto, (max-width: 1024px) 100vw, 1024px\" \/><\/p>\n<p class=\"\">&nbsp;<\/p>\n<p class=\"\">&nbsp;<\/p>\n<p>&nbsp;<\/p>\n<p>&nbsp;<\/p>\n<p>&nbsp;<\/p>\n<p>&nbsp;<\/p>\n<p>&nbsp;<\/p>\n<p>&nbsp;<\/p>\n<p class=\"\" style=\"width: 100%; text-align: justify; margin: 22px 0px;\">Echipa I.C.M. format\u0103 din speciali\u0219ti cu experien\u021b\u0103 vast\u0103 \u00een domeniu, are preg\u0103tire \u0219i expertiz\u0103 pentru echipamente de puteri mari (p\u00e2n\u0103 la 700MW), at\u00e2t pentru turbine c\u00e2t \u0219i pentru generatoare.<\/p>\n<p class=\"\" style=\"width: 100%; text-align: justify;\">Din dorin\u021ba de a veni \u00een \u00eent\u00e2mpinarea clien\u021bilor cu un set de servicii complet, I.C.M. a creat o nou\u0103 divizie a departamentului electric destinat\u0103 expertiz\u0103rii \u0219i diagnostic\u0103rii sistemelor de izola\u021bie ale ma\u0219inilor electrice rotative. Echipamentele de nou\u0103 genera\u021bie pot realiza un set complet de teste \u0219i m\u0103sur\u0103tori, cele mai reprezentative fiind: desc\u0103rc\u0103ri par\u021biale, factorul de pierderi dielectrice tan\u03b4, verificarea miezului magnetic prin metoda El-Cid, verificarea consolid\u0103rilor, verificarea la scurtcircuit \u00eentre spire a rotoarelor de turbogenerator R.S.O.<\/p>\n<p class=\"\" style=\"width: 100%; text-align: justify;\">Totodat\u0103, I.C.M. are \u00een dotare \u0219i aparate, echipamente ce realizeaz\u0103 alinieri cu laser, echilibr\u0103ri dinamice, m\u0103sur\u0103ri ale vibra\u021biilor sau detect\u0103ri de la distan\u021b\u0103 ale zonelor de supratemperatura, etc.&nbsp;<\/p>\n<p class=\" style=\">Prin echiparea din dotare (utilaje, scule, autoutilitare, etc.) I.C.M. are posibilitatea de a efectua o gama variat\u0103 de lucrari \u0219i servicii.<\/p>\n<\/div>\n<div class=\"col-md-1 col-sm-12 col-xs-12\"><\/div>\n<\/div>\n<p class=\"mod-reset\">&nbsp;<\/p>\n<\/div>\n<\/div>\n","protected":false},"excerpt":{"rendered":"<p>SERVICII &nbsp; &nbsp; &nbsp; &nbsp; &nbsp; &nbsp; &nbsp; &nbsp; Echipa I.C.M. format\u0103 din speciali\u0219ti cu experien\u021b\u0103 vast\u0103 \u00een domeniu, are preg\u0103tire \u0219i expertiz\u0103 pentru echipamente de puteri mari (p\u00e2n\u0103 la 700MW), at\u00e2t pentru turbine c\u00e2t \u0219i pentru generatoare. Din dorin\u021ba de a veni \u00een \u00eent\u00e2mpinarea clien\u021bilor cu un set de servicii complet, I.C.M. a creat&hellip;&nbsp;<a href=\"https:\/\/www.industrialcm.ro\/?page_id=18\" class=\"\" rel=\"bookmark\">Read More &raquo;<span class=\"screen-reader-text\">Servicii<\/span><\/a><\/p>\n","protected":false},"author":1,"featured_media":0,"parent":0,"menu_order":0,"comment_status":"closed","ping_status":"closed","template":"template\/page\/fullwidth.php","meta":{"bgseo_title":"","bgseo_description":"","bgseo_robots_index":"index","bgseo_robots_follow":"follow","neve_meta_sidebar":"full-width","neve_meta_container":"full-width","neve_meta_enable_content_width":"off","neve_meta_content_width":0,"neve_meta_title_alignment":"","neve_meta_author_avatar":"","neve_post_elements_order":"","neve_meta_disable_header":"","neve_meta_disable_footer":"","neve_meta_disable_title":"","_ti_tpc_template_sync":false,"_ti_tpc_template_id":"","footnotes":""},"class_list":["post-18","page","type-page","status-publish","hentry"],"_links":{"self":[{"href":"https:\/\/www.industrialcm.ro\/index.php?rest_route=\/wp\/v2\/pages\/18","targetHints":{"allow":["GET"]}}],"collection":[{"href":"https:\/\/www.industrialcm.ro\/index.php?rest_route=\/wp\/v2\/pages"}],"about":[{"href":"https:\/\/www.industrialcm.ro\/index.php?rest_route=\/wp\/v2\/types\/page"}],"author":[{"embeddable":true,"href":"https:\/\/www.industrialcm.ro\/index.php?rest_route=\/wp\/v2\/users\/1"}],"replies":[{"embeddable":true,"href":"https:\/\/www.industrialcm.ro\/index.php?rest_route=%2Fwp%2Fv2%2Fcomments&post=18"}],"version-history":[{"count":10,"href":"https:\/\/www.industrialcm.ro\/index.php?rest_route=\/wp\/v2\/pages\/18\/revisions"}],"predecessor-version":[{"id":629,"href":"https:\/\/www.industrialcm.ro\/index.php?rest_route=\/wp\/v2\/pages\/18\/revisions\/629"}],"wp:attachment":[{"href":"https:\/\/www.industrialcm.ro\/index.php?rest_route=%2Fwp%2Fv2%2Fmedia&parent=18"}],"curies":[{"name":"wp","href":"https:\/\/api.w.org\/{rel}","templated":true}]}}