{"id":20,"date":"2021-04-27T11:11:16","date_gmt":"2021-04-27T11:11:16","guid":{"rendered":"http:\/\/www.industrialcm.ro\/?page_id=20"},"modified":"2024-07-18T16:09:07","modified_gmt":"2024-07-18T16:09:07","slug":"certificari","status":"publish","type":"page","link":"https:\/\/www.industrialcm.ro\/?page_id=20","title":{"rendered":"Certificari"},"content":{"rendered":"<div class=\"boldgrid-section color2-background-color color-2-text-contrast bg-background-color\">\n<div class=\"container-fluid\">\n<div class=\"row\" style=\"padding: 10px 0em 10px 2em; margin-right: 0px; margin-left: 0px;\">\n<div class=\"col-md-12 col-xs-12 col-sm-12 col-lg-12\" style=\"padding-left: 0em; padding-right: 0em;\">\n<h2 class=\"bg-text-fx bg-text-fx-inset-text\" style=\"margin-top: 0px; margin-bottom: 0px; color: #ffffff; text-align: left; font-size: 30px; line-height: 1em;\"><strong>CERTIFICARI<\/strong><\/h2>\n<\/div>\n<\/div>\n<\/div>\n<\/div>\n<div class=\"boldgrid-section\">\n<div class=\"container\">\n<div class=\"row\" style=\"padding-top: 10px;\">\n<div class=\"col-md-12 col-xs-12 col-sm-12 col-lg-12\"><\/div>\n<\/div>\n<\/div>\n<\/div>\n<div class=\"boldgrid-section\" style=\"margin-left: auto; margin-right: auto;\">\n<div class=\"container\">\n<div class=\"row\" style=\"margin-left: auto; margin-right: auto; padding-bottom: 20px; padding-top: 0px;\">\n<div class=\"col-md-12 col-xs-12 col-sm-12 col-lg-12\">\n<p class=\"\"><span style=\"font-weight: 500;\">\u00cenc\u0103 de la \u00eenceput I.C.M. a implementat Sistemul de Management Integrat Calitate-Mediu \u00een conformitate cu cerin\u021bele standardelor ISO 9001:2015 \u0219i ISO 14001:2015, system certificate de SRAC si IQNet.<\/span><\/p>\n<p class=\"\"><span style=\"font-weight: 500;\">I.C.M. este \u0219i certificat SR EN ISO 45001:2018 standardul pentru sanatate \u0219i securitate opera\u021bional\u0103.<\/span><\/p>\n<\/div>\n<\/div>\n<div class=\"row\" style=\"padding-top: 0px; padding-bottom: 10px;\">\n<div class=\"col-md-4 col-sm-4 col-xs-12 col-lg-4\">\n<p class=\"\"><img loading=\"lazy\" decoding=\"async\" class=\"aligncenter wp-image-689 size-full\" style=\"width: 100%;\" src=\"http:\/\/www.industrialcm.ro\/wp-content\/uploads\/2024\/07\/45001-e1721318108232.png\" alt=\"\" width=\"380\" height=\"538\"><\/p>\n<\/div>\n<div class=\"col-md-4 col-sm-4 col-xs-12 col-lg-4\">\n<p class=\"\"><img loading=\"lazy\" decoding=\"async\" class=\"alignnone wp-image-690 size-full\" style=\"width: 100%;\" src=\"http:\/\/www.industrialcm.ro\/wp-content\/uploads\/2024\/07\/14001-e1721318048424.png\" alt=\"\" width=\"380\" height=\"538\"><\/p>\n<\/div>\n<div class=\"col-md-4 col-sm-4 col-xs-12 col-lg-4\">\n<p class=\"\"><img loading=\"lazy\" decoding=\"async\" class=\"alignnone wp-image-688 size-full\" style=\"width: 100%;\" src=\"http:\/\/www.industrialcm.ro\/wp-content\/uploads\/2024\/07\/9001-e1721318123123.png\" alt=\"\" width=\"380\" height=\"538\"><\/p>\n<\/div>\n<\/div>\n<\/div>\n<\/div>\n","protected":false},"excerpt":{"rendered":"<p>CERTIFICARI \u00cenc\u0103 de la \u00eenceput I.C.M. a implementat Sistemul de Management Integrat Calitate-Mediu \u00een conformitate cu cerin\u021bele standardelor ISO 9001:2015 \u0219i ISO 14001:2015, system certificate de SRAC si IQNet. I.C.M. este \u0219i certificat SR EN ISO 45001:2018 standardul pentru sanatate \u0219i securitate opera\u021bional\u0103.<\/p>\n","protected":false},"author":1,"featured_media":0,"parent":0,"menu_order":0,"comment_status":"closed","ping_status":"closed","template":"template\/page\/fullwidth.php","meta":{"bgseo_title":"","bgseo_description":"","bgseo_robots_index":"index","bgseo_robots_follow":"follow","neve_meta_sidebar":"full-width","neve_meta_container":"full-width","neve_meta_enable_content_width":"off","neve_meta_content_width":0,"neve_meta_title_alignment":"","neve_meta_author_avatar":"","neve_post_elements_order":"","neve_meta_disable_header":"","neve_meta_disable_footer":"","neve_meta_disable_title":"","_ti_tpc_template_sync":false,"_ti_tpc_template_id":"","footnotes":""},"class_list":["post-20","page","type-page","status-publish","hentry"],"_links":{"self":[{"href":"https:\/\/www.industrialcm.ro\/index.php?rest_route=\/wp\/v2\/pages\/20","targetHints":{"allow":["GET"]}}],"collection":[{"href":"https:\/\/www.industrialcm.ro\/index.php?rest_route=\/wp\/v2\/pages"}],"about":[{"href":"https:\/\/www.industrialcm.ro\/index.php?rest_route=\/wp\/v2\/types\/page"}],"author":[{"embeddable":true,"href":"https:\/\/www.industrialcm.ro\/index.php?rest_route=\/wp\/v2\/users\/1"}],"replies":[{"embeddable":true,"href":"https:\/\/www.industrialcm.ro\/index.php?rest_route=%2Fwp%2Fv2%2Fcomments&post=20"}],"version-history":[{"count":10,"href":"https:\/\/www.industrialcm.ro\/index.php?rest_route=\/wp\/v2\/pages\/20\/revisions"}],"predecessor-version":[{"id":691,"href":"https:\/\/www.industrialcm.ro\/index.php?rest_route=\/wp\/v2\/pages\/20\/revisions\/691"}],"wp:attachment":[{"href":"https:\/\/www.industrialcm.ro\/index.php?rest_route=%2Fwp%2Fv2%2Fmedia&parent=20"}],"curies":[{"name":"wp","href":"https:\/\/api.w.org\/{rel}","templated":true}]}}