{"id":652,"date":"2022-02-08T05:55:33","date_gmt":"2022-02-08T05:55:33","guid":{"rendered":"https:\/\/www.industrialcm.ro\/?page_id=652"},"modified":"2022-02-08T05:55:33","modified_gmt":"2022-02-08T05:55:33","slug":"despre-5","status":"publish","type":"page","link":"https:\/\/www.industrialcm.ro\/","title":{"rendered":"Despre"},"content":{"rendered":"<div style=\"width: 1170px; margin: 0 auto;\">\n\n<\/div>\n<div class=\"color4-background-color bg-background-color tmpl-testimonial-4 boldgrid-section dynamic-gridblock background-parallax\" style=\"color: #1d1d1d; background-image: linear-gradient(to left, rgba(13,71,161, 0.5), rgba(13,71,161, 0.5)), url('http:\/\/www.industrialcm.rlsm.xyz\/wp-content\/uploads\/2021\/04\/image35-e1619524202215.jpg'); background-size: cover; background-position: 50% 50%;\" data-bg-overlaycolor=\"rgba(238, 238, 238, 0.8)\" data-image-url=\"http:\/\/www.industrialcm.rlsm.xyz\/wp-content\/uploads\/2021\/04\/image35-e1619524202215.jpg\">\n<div class=\"container-fluid\">\n<div class=\"row\" style=\"padding-top: 30px; padding-bottom: 30px; background-image: linear-gradient(to left, #ffffff, #ffffff);\" data-bg-color-1=\"#FFFFFF\" data-bg-color-2=\"#FFFFFF\" data-bg-direction=\"to left\">\n<div class=\"col-md-2 col-sm-12 col-xs-12\"><\/div>\n<div class=\"col-md-8 col-xs-12 col-sm-12\" style=\"padding: 0em 5em; background-image: linear-gradient(to left, #eeeeee, #eeeeee);\" data-bg-color-1=\"#EEEEEE\" data-bg-color-2=\"#EEEEEE\" data-bg-direction=\"to left\">\n<h1 class=\"\" style=\"text-align: center;\"><b>DESPRE COMPANIE<\/b><\/h1>\n<div>\n<p class=\"mod-reset\"><img decoding=\"async\" class=\"alignleft wp-image-573 size-medium\" src=\"http:\/\/www.industrialcm.rlsm.xyz\/wp-content\/uploads\/2021\/10\/despre-1-300x216.png\" alt=\"\" width=\"206\" srcset=\"https:\/\/www.industrialcm.ro\/wp-content\/uploads\/2021\/10\/despre-1-300x216.png 300w, https:\/\/www.industrialcm.ro\/wp-content\/uploads\/2021\/10\/despre-1-250x180.png 250w, https:\/\/www.industrialcm.ro\/wp-content\/uploads\/2021\/10\/despre-1-251x180.png 251w, https:\/\/www.industrialcm.ro\/wp-content\/uploads\/2021\/10\/despre-1-210x150.png 210w, https:\/\/www.industrialcm.ro\/wp-content\/uploads\/2021\/10\/despre-1.png 309w\" sizes=\"(max-width: 300px) 100vw, 300px\" \/><\/p>\n<h5 class=\"\" style=\"width: 100%; text-align: justify; margin-top: 22px; margin-bottom: 10px;\">\u00cenfiin\u021bat\u0103 \u00een 2013 de speciali\u0219ti \u00een domeniul fabric\u0103rii \u0219i mentenan\u021bei echipamentelor din domeniul energetic,&nbsp; Industrial Consulting Management ofer\u0103 servicii integrate de asisten\u021b\u0103 \u0219i consultan\u021b\u0103 tehnic\u0103, service,&nbsp; mentenan\u021b\u0103 \u0219i puneri \u00een func\u021biune pentru turbine pe abur, generatoare electrice (hidro \u0219i termo), motoare electrice, compresoare, pompe, etc.<\/h5>\n<\/div>\n<div>\n<p class=\"mod-reset\"><img loading=\"lazy\" decoding=\"async\" class=\"alignright wp-image-440\" style=\"color: #1d1d1d; margin-left: 10px;\" src=\"http:\/\/www.industrialcm.rlsm.xyz\/wp-content\/uploads\/2021\/09\/despre2.png\" alt=\"\" width=\"210\" height=\"110\" srcset=\"https:\/\/www.industrialcm.ro\/wp-content\/uploads\/2021\/09\/despre2.png 287w, https:\/\/www.industrialcm.ro\/wp-content\/uploads\/2021\/09\/despre2-250x131.png 250w\" sizes=\"auto, (max-width: 210px) 100vw, 210px\" \/><\/p>\n<h5 class=\"\" style=\"width: 100%; text-align: justify; margin-top: 10px; margin-bottom: 10px;\">I.C.M. activeaz\u0103 \u0219i \u00een domeniul Oil&amp;Gas asigur\u00e2nd mentenenan\u021ba echipamentelor rotodinamice, at\u00e2t prin atelierul propriu destinat motoarelor electrice c\u00e2t \u0219i prin parteneri, contractori direc\u021bi ai beneficiarului pentru echipamente precum turbine, compresoare, pompe.<\/h5>\n<h5 class=\"\" style=\"width: 100%; text-align: justify; margin-top: 10px; margin-left: 0px;\">Industrial Consulting Management a fost implicat\u0103 cu diferi\u021bi parteneri \u00een proiecte la centrale &nbsp;termice, centrale nucleare, rafin\u0103rii, fabrici in domeniul chimic at\u00e2t \u00een Rom\u00e2nia c\u00e2t \u0219i in \u021b\u0103ri precum Germania, Austria, Ungaria,&nbsp;Sudan, Irac, Argentina, Cuba, Bangladesh, Maroc, Camerun, Rusia, Anglia.<\/h5>\n<h5 class=\"\">&nbsp;<\/h5>\n<\/div>\n<\/div>\n<div class=\"col-md-2 col-sm-12 col-xs-12\" style=\"padding-right: 1em; padding-left: 1em;\"><\/div>\n<\/div>\n<\/div>\n<\/div>\n<div class=\"col-md-2 col-sm-12 col-xs-12\" style=\"padding-right: 1em; padding-left: 1em;\"><\/div>\n<div class=\"boldgrid-section\">\n<div class=\"container\">\n<div class=\"row\">\n<div class=\"col-md-12 col-xs-12 col-sm-12\"><\/div>\n<\/div>\n<\/div>\n<\/div>\n","protected":false},"excerpt":{"rendered":"<p>DESPRE COMPANIE \u00cenfiin\u021bat\u0103 \u00een 2013 de speciali\u0219ti \u00een domeniul fabric\u0103rii \u0219i mentenan\u021bei echipamentelor din domeniul energetic,&nbsp; Industrial Consulting Management ofer\u0103 servicii integrate de asisten\u021b\u0103 \u0219i consultan\u021b\u0103 tehnic\u0103, service,&nbsp; mentenan\u021b\u0103 \u0219i puneri \u00een func\u021biune pentru turbine pe abur, generatoare electrice (hidro \u0219i termo), motoare electrice, compresoare, pompe, etc. I.C.M. activeaz\u0103 \u0219i \u00een domeniul Oil&amp;Gas asigur\u00e2nd mentenenan\u021ba&hellip;&nbsp;<a href=\"https:\/\/www.industrialcm.ro\/\" class=\"\" rel=\"bookmark\">Read More &raquo;<span class=\"screen-reader-text\">Despre<\/span><\/a><\/p>\n","protected":false},"author":1,"featured_media":0,"parent":0,"menu_order":0,"comment_status":"closed","ping_status":"closed","template":"template\/page\/fullwidth.php","meta":{"bgseo_title":"","bgseo_description":"","bgseo_robots_index":"index","bgseo_robots_follow":"follow","neve_meta_sidebar":"full-width","neve_meta_container":"","neve_meta_enable_content_width":"on","neve_meta_content_width":100,"neve_meta_title_alignment":"","neve_meta_author_avatar":"","neve_post_elements_order":"","neve_meta_disable_header":"","neve_meta_disable_footer":"","neve_meta_disable_title":"","_ti_tpc_template_sync":false,"_ti_tpc_template_id":"","footnotes":""},"class_list":["post-652","page","type-page","status-publish","hentry"],"_links":{"self":[{"href":"https:\/\/www.industrialcm.ro\/index.php?rest_route=\/wp\/v2\/pages\/652","targetHints":{"allow":["GET"]}}],"collection":[{"href":"https:\/\/www.industrialcm.ro\/index.php?rest_route=\/wp\/v2\/pages"}],"about":[{"href":"https:\/\/www.industrialcm.ro\/index.php?rest_route=\/wp\/v2\/types\/page"}],"author":[{"embeddable":true,"href":"https:\/\/www.industrialcm.ro\/index.php?rest_route=\/wp\/v2\/users\/1"}],"replies":[{"embeddable":true,"href":"https:\/\/www.industrialcm.ro\/index.php?rest_route=%2Fwp%2Fv2%2Fcomments&post=652"}],"version-history":[{"count":2,"href":"https:\/\/www.industrialcm.ro\/index.php?rest_route=\/wp\/v2\/pages\/652\/revisions"}],"predecessor-version":[{"id":681,"href":"https:\/\/www.industrialcm.ro\/index.php?rest_route=\/wp\/v2\/pages\/652\/revisions\/681"}],"wp:attachment":[{"href":"https:\/\/www.industrialcm.ro\/index.php?rest_route=%2Fwp%2Fv2%2Fmedia&parent=652"}],"curies":[{"name":"wp","href":"https:\/\/api.w.org\/{rel}","templated":true}]}}